{"id":3882,"date":"2020-10-25T13:05:14","date_gmt":"2020-10-25T12:05:14","guid":{"rendered":"https:\/\/casaentrebosques.com\/aviso-legal\/"},"modified":"2025-06-05T17:26:00","modified_gmt":"2025-06-05T15:26:00","slug":"legal-notice","status":"publish","type":"page","link":"https:\/\/casaentrebosques.com\/en\/legal-notice\/","title":{"rendered":"Legal Notice"},"content":{"rendered":"\n<p>This legal notice (hereinafter, the &#8220;Legal Notice&#8221;) regulates the use of the service of the Internet portal <a href=\"https:\/\/www.casaentrebosques.com\/\">casaentrebosques.com<\/a> (hereinafter, the &#8220;<em>web<\/em>&#8220;) of Abel Enrique Elias Ruiz with registered office at C\/ El Bercolar, 7, El Rasillo, La Rioja with CIF 16556082S.<\/p>\n\n\n\n<div style=\"height:11px\" aria-hidden=\"true\" class=\"wp-block-spacer\"><\/div>\n\n\n\n<hr class=\"wp-block-separator has-alpha-channel-opacity\"\/>\n\n\n\n<div style=\"height:11px\" aria-hidden=\"true\" class=\"wp-block-spacer\"><\/div>\n\n\n\n<h4 class=\"wp-block-heading\"><strong>Legislation<\/strong><\/h4>\n\n\n\n<p>In general, relations between Abel Enrique Elias Ruiz and the <em>users<\/em> of his telematic services, present on the <em>website<\/em>, are subject to Spanish legislation and jurisdiction.<\/p>\n\n\n\n<p>The parties expressly waive any other jurisdiction that may correspond to them and expressly submit to the Courts and Tribunals of Logro\u00f1o (La Rioja) to resolve any controversy that may arise in the interpretation or execution of these contractual conditions.<\/p>\n\n\n\n<div style=\"height:11px\" aria-hidden=\"true\" class=\"wp-block-spacer\"><\/div>\n\n\n\n<hr class=\"wp-block-separator has-alpha-channel-opacity\"\/>\n\n\n\n<div style=\"height:11px\" aria-hidden=\"true\" class=\"wp-block-spacer\"><\/div>\n\n\n\n<h4 class=\"wp-block-heading\"><strong>Content and use<\/strong><\/h4>\n\n\n\n<p>The <em>user<\/em> is informed and accepts that access to this website does not imply, in any way, the beginning of a commercial relationship with Abel Enrique Elias Ruiz.<\/p>\n\n\n\n<p>The owner of the website does not identify with the opinions expressed therein by its contributors. The Company reserves the right to make any changes it deems appropriate to its <em>web<\/em>, may change, delete or add both the contents and services provided through the same and the way in which they are presented or located on its servers.<\/p>\n\n\n\n<div style=\"height:11px\" aria-hidden=\"true\" class=\"wp-block-spacer\"><\/div>\n\n\n\n<hr class=\"wp-block-separator has-alpha-channel-opacity\"\/>\n\n\n\n<div style=\"height:11px\" aria-hidden=\"true\" class=\"wp-block-spacer\"><\/div>\n\n\n\n<h4 class=\"wp-block-heading\"><strong>Intellectual and industrial property<\/strong><\/h4>\n\n\n\n<p>The intellectual property rights of the content of the web pages, their graphic design and codes are owned by Abel Enrique Elias Ruiz and, therefore, their reproduction, distribution, public communication, transformation or any other activity that may be carried out with the contents of its web pages is prohibited, not even quoting the sources, except with the written consent of Abel Enrique Elias Ruiz. All trade names, trademarks or distinctive signs of any kind contained in the web pages are the property of their owners and are protected by law.<\/p>\n\n\n\n<div style=\"height:11px\" aria-hidden=\"true\" class=\"wp-block-spacer\"><\/div>\n\n\n\n<hr class=\"wp-block-separator has-alpha-channel-opacity\"\/>\n\n\n\n<div style=\"height:11px\" aria-hidden=\"true\" class=\"wp-block-spacer\"><\/div>\n\n\n\n<h4 class=\"wp-block-heading\"><strong>Links<\/strong><\/h4>\n\n\n\n<p>The presence of links on the web pages is for information purposes only and in no case implies a suggestion, invitation or recommendation of the same.<\/p>\n\n\n\n<div style=\"height:11px\" aria-hidden=\"true\" class=\"wp-block-spacer\"><\/div>\n\n\n\n<hr class=\"wp-block-separator has-alpha-channel-opacity\"\/>\n\n\n\n<div style=\"height:11px\" aria-hidden=\"true\" class=\"wp-block-spacer\"><\/div>\n\n\n\n<h4 class=\"wp-block-heading\"><strong>Confidentiality and Data Protection<\/strong><\/h4>\n\n\n\n<p>For the purposes of the provisions of the RGPD of 27 April 2016, Abel Enrique Elias Ruiz hereby informs the <em>user<\/em> of the existence of an automated processing of personal data created by and for Abel Enrique Elias Ruiz and under his responsibility, in order to perform the maintenance and management of the relationship with the <em>user<\/em>, as well as information tasks. At the time of acceptance of these general conditions, Abel Enrique Elias Ruiz will require the <em>user<\/em> to collect some essential data for the provision of its services.<\/p>\n\n\n\n<div style=\"height:11px\" aria-hidden=\"true\" class=\"wp-block-spacer\"><\/div>\n\n\n\n<hr class=\"wp-block-separator has-alpha-channel-opacity\"\/>\n\n\n\n<div style=\"height:11px\" aria-hidden=\"true\" class=\"wp-block-spacer\"><\/div>\n\n\n\n<h4 class=\"wp-block-heading\"><strong>Registration of files and forms<\/strong><\/h4>\n\n\n\n<p>Completion of the registration form is obligatory in order to access and enjoy certain services offered on the website. Failure to provide the personal data requested or not accepting this data protection policy means the impossibility of subscribing, registering or participating in any of the promotions in which personal data are requested.<\/p>\n\n\n\n<p>For the purposes of the provisions of the RGPD of 27 April 2016, we inform you that the personal data obtained as a result of your registration as a <em>user<\/em>, will be included in a file owned by Abel Enrique Elias Ruiz with C.I.F 16556082S and address at C\/ El Bercolar, 7, El Rasillo, La Rioja, having implemented the security measures established in Royal Decree 1720\/2007, of 11 June.<\/p>\n\n\n\n<div style=\"height:11px\" aria-hidden=\"true\" class=\"wp-block-spacer\"><\/div>\n\n\n\n<hr class=\"wp-block-separator has-alpha-channel-opacity\"\/>\n\n\n\n<div style=\"height:11px\" aria-hidden=\"true\" class=\"wp-block-spacer\"><\/div>\n\n\n\n<h4 class=\"wp-block-heading\"><strong>Accuracy and veracity of the data provided<\/strong><\/h4>\n\n\n\n<p>The <em>user<\/em> is solely responsible for the veracity and correctness of the data included, exonerating Abel Enrique Elias Ruiz of any responsibility in this regard. <em>Users<\/em> guarantee and are responsible, in any case, for the accuracy, validity and authenticity of the personal data provided, and undertake to keep them duly updated. The <em>user<\/em> agrees to provide complete and correct information in the registration or subscription form. Abel Enrique Elias Ruiz is not responsible for the veracity of the information that is not of his own elaboration and of which another source is indicated, so he does not assume any responsibility for hypothetical damages that may arise from the use of such information. Abel Enrique Elias Ruiz reserves the right to update, modify or delete the information contained in its web pages and may even limit or deny access to such information. Abel Enrique Elias Ruiz is exonerated from liability for any damage that the <em>user<\/em> may suffer as a result of errors, defects or omissions in the information provided by Abel Enrique Elias Ruiz provided that it comes from sources outside Abel Enrique Elias Ruiz.<\/p>\n\n\n\n<div style=\"height:11px\" aria-hidden=\"true\" class=\"wp-block-spacer\"><\/div>\n\n\n\n<hr class=\"wp-block-separator has-alpha-channel-opacity\"\/>\n\n\n\n<div style=\"height:11px\" aria-hidden=\"true\" class=\"wp-block-spacer\"><\/div>\n\n\n\n<h4 class=\"wp-block-heading\"><strong>Cookies<\/strong><\/h4>\n\n\n\n<p>The <a href=\"https:\/\/www.casaentrebosques.com\/\">casaentrebosques.com<\/a> site uses <a href=\"https:\/\/casaentrebosques.com\/politica-de-cookies\/\">cookies<\/a>, which are physical information files stored in the <em>user&#8217;s<\/em> own terminal and are used to facilitate the <em>user&#8217;s<\/em> browsing of the portal. The <em>user<\/em> has the possibility to configure the browser in such a way as to prevent the installation of these files.<\/p>\n\n\n\n<div style=\"height:11px\" aria-hidden=\"true\" class=\"wp-block-spacer\"><\/div>\n\n\n\n<hr class=\"wp-block-separator has-alpha-channel-opacity\"\/>\n\n\n\n<div style=\"height:11px\" aria-hidden=\"true\" class=\"wp-block-spacer\"><\/div>\n\n\n\n<h4 class=\"wp-block-heading\"><strong>Purposes<\/strong><\/h4>\n\n\n\n<p>The purposes of the website are the maintenance and management of the relationship with the <em>user<\/em>, as well as information tasks.<\/p>\n\n\n\n<div style=\"height:11px\" aria-hidden=\"true\" class=\"wp-block-spacer\"><\/div>\n\n\n\n<hr class=\"wp-block-separator has-alpha-channel-opacity\"\/>\n\n\n\n<div style=\"height:11px\" aria-hidden=\"true\" class=\"wp-block-spacer\"><\/div>\n\n\n\n<h4 class=\"wp-block-heading\"><strong>Minors<\/strong><\/h4>\n\n\n\n<p>In the event that some of our services are specifically aimed at minors, Abel Enrique Elias Ruiz will request the consent of parents or guardians for the collection of personal data or, where appropriate, for the automated processing of data.<\/p>\n\n\n\n<div style=\"height:11px\" aria-hidden=\"true\" class=\"wp-block-spacer\"><\/div>\n\n\n\n<hr class=\"wp-block-separator has-alpha-channel-opacity\"\/>\n\n\n\n<div style=\"height:11px\" aria-hidden=\"true\" class=\"wp-block-spacer\"><\/div>\n\n\n\n<h4 class=\"wp-block-heading\"><strong>Transfer of data to third parties<\/strong><\/h4>\n\n\n\n<p>Abel Enrique Elias Ruiz will not transfer <em>user<\/em> data to third parties.<\/p>\n\n\n\n<div style=\"height:11px\" aria-hidden=\"true\" class=\"wp-block-spacer\"><\/div>\n\n\n\n<hr class=\"wp-block-separator has-alpha-channel-opacity\"\/>\n\n\n\n<div style=\"height:11px\" aria-hidden=\"true\" class=\"wp-block-spacer\"><\/div>\n\n\n\n<h4 class=\"wp-block-heading\"><strong>Exercise of rights of access, rectification, cancellation and objection<\/strong><\/h4>\n\n\n\n<p>Podr\u00e1 dirigir sus comunicaciones y ejercitar los derechos de acceso, rectificaci\u00f3n, supresi\u00f3n, limitaci\u00f3n, portabilidad y oposici\u00f3n en la secci\u00f3n de <a href=\"http:\/\/contacto\">contacto de web<\/a> o bien por correo ordinario dirigido a Abel Enrique Elias Ruiz, Ref. RGPD, at C\/ El Bercolar, 7, El Rasillo, La Rioja. In order to exercise these rights, you must prove your identity to Abel Enrique Elias Ruiz by sending a photocopy of your National Identity Document or any other legally valid means.<\/p>\n\n\n\n<div style=\"height:11px\" aria-hidden=\"true\" class=\"wp-block-spacer\"><\/div>\n\n\n\n<hr class=\"wp-block-separator has-alpha-channel-opacity\"\/>\n\n\n\n<div style=\"height:11px\" aria-hidden=\"true\" class=\"wp-block-spacer\"><\/div>\n\n\n\n<h4 class=\"wp-block-heading\"><strong>Security measures<\/strong><\/h4>\n\n\n\n<p>Abel Enrique Elias Ruiz has adopted the legally required levels of security for the protection of personal data, and endeavours to install those other additional technical means and measures within its reach to avoid the loss, misuse, alteration, unauthorised access and theft of the personal data provided to Abel Enrique Elias Ruiz shall not be liable for possible damages or losses that may arise from interferences, omissions, interruptions, computer viruses, telephone breakdowns or disconnections in the operational functioning of this electronic system, caused by reasons beyond the control of Abel Enrique Elias Ruiz; delays or blockages in the use of this electronic system caused by deficiencies or overloads of telephone lines or overloads in the Data Processing Centre, in the Internet system or in other electronic systems, as well as damage that may be caused by third parties through illegitimate intromissions beyond the control of Abel Enrique Elias Ruiz. However, the <em>user<\/em> should be aware that security measures on the Internet are not impregnable.<\/p>\n\n\n\n<div style=\"height:11px\" aria-hidden=\"true\" class=\"wp-block-spacer\"><\/div>\n\n\n\n<hr class=\"wp-block-separator has-alpha-channel-opacity\"\/>\n\n\n\n<div style=\"height:11px\" aria-hidden=\"true\" class=\"wp-block-spacer\"><\/div>\n\n\n\n<h4 class=\"wp-block-heading\"><strong>Acceptance and consent<\/strong><\/h4>\n\n\n\n<p>The <em>user<\/em> declares to have been informed of the conditions on the protection of personal data, accepting and consenting to the automated processing of the same by Abel Enrique Elias Ruiz, in the manner and for the purposes indicated in this <a href=\"https:\/\/casaentrebosques.com\/politica-de-privacidad\/\">Privacy Policy<\/a>. Certain services provided on the portal may contain special conditions with specific provisions on the protection of personal data.<\/p>\n","protected":false},"excerpt":{"rendered":"","protected":false},"author":1,"featured_media":0,"parent":0,"menu_order":93,"comment_status":"closed","ping_status":"closed","template":"","meta":{"footnotes":""},"class_list":["post-3882","page","type-page","status-publish","hentry"],"yoast_head":"<!-- This site is optimized with the Yoast SEO plugin v24.8.1 - https:\/\/yoast.com\/wordpress\/plugins\/seo\/ -->\n<title>Legal Notice - Entrebosques Rural House<\/title>\n<meta name=\"robots\" content=\"index, follow, max-snippet:-1, max-image-preview:large, max-video-preview:-1\" \/>\n<link rel=\"canonical\" href=\"https:\/\/casaentrebosques.com\/legal-notice\/\" \/>\n<meta property=\"og:locale\" content=\"en_US\" \/>\n<meta property=\"og:type\" content=\"article\" \/>\n<meta property=\"og:title\" content=\"Legal Notice - Entrebosques Rural House\" \/>\n<meta property=\"og:url\" content=\"https:\/\/casaentrebosques.com\/legal-notice\/\" \/>\n<meta property=\"og:site_name\" content=\"Entrebosques Rural House\" \/>\n<meta property=\"article:modified_time\" content=\"2025-06-05T15:26:00+00:00\" \/>\n<meta name=\"twitter:card\" content=\"summary_large_image\" \/>\n<meta name=\"twitter:label1\" content=\"Est. reading time\" \/>\n\t<meta name=\"twitter:data1\" content=\"6 minutes\" \/>\n<script type=\"application\/ld+json\" class=\"yoast-schema-graph\">{\"@context\":\"https:\/\/schema.org\",\"@graph\":[{\"@type\":\"WebPage\",\"@id\":\"https:\/\/casaentrebosques.com\/legal-notice\/\",\"url\":\"https:\/\/casaentrebosques.com\/legal-notice\/\",\"name\":\"Legal Notice - Entrebosques Rural House\",\"isPartOf\":{\"@id\":\"https:\/\/casaentrebosques.com\/#website\"},\"datePublished\":\"2020-10-25T12:05:14+00:00\",\"dateModified\":\"2025-06-05T15:26:00+00:00\",\"breadcrumb\":{\"@id\":\"https:\/\/casaentrebosques.com\/legal-notice\/#breadcrumb\"},\"inLanguage\":\"en-US\",\"potentialAction\":[{\"@type\":\"ReadAction\",\"target\":[\"https:\/\/casaentrebosques.com\/legal-notice\/\"]}]},{\"@type\":\"BreadcrumbList\",\"@id\":\"https:\/\/casaentrebosques.com\/legal-notice\/#breadcrumb\",\"itemListElement\":[{\"@type\":\"ListItem\",\"position\":1,\"name\":\"Home\",\"item\":\"https:\/\/casaentrebosques.com\/home\/\"},{\"@type\":\"ListItem\",\"position\":2,\"name\":\"Legal Notice\"}]},{\"@type\":\"WebSite\",\"@id\":\"https:\/\/casaentrebosques.com\/#website\",\"url\":\"https:\/\/casaentrebosques.com\/\",\"name\":\"Entrebosques Rural House\",\"description\":\"Rural house with 30 beds in El Rasillo de Cameros, La Rioja, Spain\",\"potentialAction\":[{\"@type\":\"SearchAction\",\"target\":{\"@type\":\"EntryPoint\",\"urlTemplate\":\"https:\/\/casaentrebosques.com\/?s={search_term_string}\"},\"query-input\":{\"@type\":\"PropertyValueSpecification\",\"valueRequired\":true,\"valueName\":\"search_term_string\"}}],\"inLanguage\":\"en-US\"}]}<\/script>\n<!-- \/ Yoast SEO plugin. -->","yoast_head_json":{"title":"Legal Notice - Entrebosques Rural House","robots":{"index":"index","follow":"follow","max-snippet":"max-snippet:-1","max-image-preview":"max-image-preview:large","max-video-preview":"max-video-preview:-1"},"canonical":"https:\/\/casaentrebosques.com\/legal-notice\/","og_locale":"en_US","og_type":"article","og_title":"Legal Notice - Entrebosques Rural House","og_url":"https:\/\/casaentrebosques.com\/legal-notice\/","og_site_name":"Entrebosques Rural House","article_modified_time":"2025-06-05T15:26:00+00:00","twitter_card":"summary_large_image","twitter_misc":{"Est. reading time":"6 minutes"},"schema":{"@context":"https:\/\/schema.org","@graph":[{"@type":"WebPage","@id":"https:\/\/casaentrebosques.com\/legal-notice\/","url":"https:\/\/casaentrebosques.com\/legal-notice\/","name":"Legal Notice - Entrebosques Rural House","isPartOf":{"@id":"https:\/\/casaentrebosques.com\/#website"},"datePublished":"2020-10-25T12:05:14+00:00","dateModified":"2025-06-05T15:26:00+00:00","breadcrumb":{"@id":"https:\/\/casaentrebosques.com\/legal-notice\/#breadcrumb"},"inLanguage":"en-US","potentialAction":[{"@type":"ReadAction","target":["https:\/\/casaentrebosques.com\/legal-notice\/"]}]},{"@type":"BreadcrumbList","@id":"https:\/\/casaentrebosques.com\/legal-notice\/#breadcrumb","itemListElement":[{"@type":"ListItem","position":1,"name":"Home","item":"https:\/\/casaentrebosques.com\/home\/"},{"@type":"ListItem","position":2,"name":"Legal Notice"}]},{"@type":"WebSite","@id":"https:\/\/casaentrebosques.com\/#website","url":"https:\/\/casaentrebosques.com\/","name":"Entrebosques Rural House","description":"Rural house with 30 beds in El Rasillo de Cameros, La Rioja, Spain","potentialAction":[{"@type":"SearchAction","target":{"@type":"EntryPoint","urlTemplate":"https:\/\/casaentrebosques.com\/?s={search_term_string}"},"query-input":{"@type":"PropertyValueSpecification","valueRequired":true,"valueName":"search_term_string"}}],"inLanguage":"en-US"}]}},"_links":{"self":[{"href":"https:\/\/casaentrebosques.com\/en\/wp-json\/wp\/v2\/pages\/3882","targetHints":{"allow":["GET"]}}],"collection":[{"href":"https:\/\/casaentrebosques.com\/en\/wp-json\/wp\/v2\/pages"}],"about":[{"href":"https:\/\/casaentrebosques.com\/en\/wp-json\/wp\/v2\/types\/page"}],"author":[{"embeddable":true,"href":"https:\/\/casaentrebosques.com\/en\/wp-json\/wp\/v2\/users\/1"}],"replies":[{"embeddable":true,"href":"https:\/\/casaentrebosques.com\/en\/wp-json\/wp\/v2\/comments?post=3882"}],"version-history":[{"count":1,"href":"https:\/\/casaentrebosques.com\/en\/wp-json\/wp\/v2\/pages\/3882\/revisions"}],"predecessor-version":[{"id":3984,"href":"https:\/\/casaentrebosques.com\/en\/wp-json\/wp\/v2\/pages\/3882\/revisions\/3984"}],"wp:attachment":[{"href":"https:\/\/casaentrebosques.com\/en\/wp-json\/wp\/v2\/media?parent=3882"}],"curies":[{"name":"wp","href":"https:\/\/api.w.org\/{rel}","templated":true}]}}